{"id":79,"date":"2025-05-09T03:06:08","date_gmt":"2025-05-09T03:06:08","guid":{"rendered":"https:\/\/fsjb.edu.br\/?page_id=79"},"modified":"2025-05-17T12:03:35","modified_gmt":"2025-05-17T12:03:35","slug":"informativos-copy","status":"publish","type":"page","link":"https:\/\/fsjb.edu.br\/portal\/informativos-copy\/","title":{"rendered":"Concurso da Prefeitura Municipal de Jo\u00e3o Neiva\u200b"},"content":{"rendered":"\t\t<div data-elementor-type=\"wp-page\" data-elementor-id=\"79\" class=\"elementor elementor-79\" data-elementor-settings=\"{&quot;ha_cmc_init_switcher&quot;:&quot;no&quot;}\" data-elementor-post-type=\"page\">\n\t\t\t\t<div class=\"elementor-element elementor-element-9441942 e-flex e-con-boxed wpr-particle-no wpr-jarallax-no wpr-parallax-no wpr-sticky-section-no elementor-invisible e-con e-parent\" data-id=\"9441942\" data-element_type=\"container\" data-settings=\"{&quot;background_background&quot;:&quot;classic&quot;,&quot;animation&quot;:&quot;fadeInDown&quot;,&quot;_ha_eqh_enable&quot;:false}\">\n\t\t\t\t\t<div class=\"e-con-inner\">\n\t\t<div class=\"elementor-element elementor-element-09a2560 e-con-full e-flex wpr-particle-no wpr-jarallax-no wpr-parallax-no wpr-sticky-section-no e-con e-child\" data-id=\"09a2560\" data-element_type=\"container\" data-settings=\"{&quot;_ha_eqh_enable&quot;:false}\">\n\t\t\t\t<div class=\"elementor-element elementor-element-0774687 elementor-widget__width-initial elementor-widget-mobile__width-initial elementor-widget elementor-widget-heading\" data-id=\"0774687\" data-element_type=\"widget\" data-widget_type=\"heading.default\">\n\t\t\t\t<div class=\"elementor-widget-container\">\n\t\t\t\t\t<h2 class=\"elementor-heading-title elementor-size-default\">Concurso da Prefeitura Municipal de Jo\u00e3o Neiva<\/h2>\t\t\t\t<\/div>\n\t\t\t\t<\/div>\n\t\t\t\t<\/div>\n\t\t\t\t\t<\/div>\n\t\t\t\t<\/div>\n\t\t<div class=\"elementor-element elementor-element-b9c5fbf e-flex e-con-boxed wpr-particle-no wpr-jarallax-no wpr-parallax-no wpr-sticky-section-no e-con e-parent\" data-id=\"b9c5fbf\" data-element_type=\"container\" data-settings=\"{&quot;background_background&quot;:&quot;classic&quot;,&quot;_ha_eqh_enable&quot;:false}\">\n\t\t\t\t\t<div class=\"e-con-inner\">\n\t\t<div class=\"elementor-element elementor-element-cf2e781 e-con-full e-flex wpr-particle-no wpr-jarallax-no wpr-parallax-no wpr-sticky-section-no e-con e-child\" data-id=\"cf2e781\" data-element_type=\"container\" data-settings=\"{&quot;_ha_eqh_enable&quot;:false}\">\n\t\t\t\t<div class=\"elementor-element elementor-element-7b10c91 elementor-invisible elementor-widget elementor-widget-heading\" data-id=\"7b10c91\" data-element_type=\"widget\" data-settings=\"{&quot;_animation&quot;:&quot;fadeInLeft&quot;}\" data-widget_type=\"heading.default\">\n\t\t\t\t<div class=\"elementor-widget-container\">\n\t\t\t\t\t<h2 class=\"elementor-heading-title elementor-size-default\">Ol\u00e1! Seja bem-vindo.<\/h2>\t\t\t\t<\/div>\n\t\t\t\t<\/div>\n\t\t<div class=\"elementor-element elementor-element-4ac30f4 e-con-full e-flex wpr-particle-no wpr-jarallax-no wpr-parallax-no wpr-sticky-section-no e-con e-child\" data-id=\"4ac30f4\" data-element_type=\"container\" data-settings=\"{&quot;_ha_eqh_enable&quot;:false}\">\n\t\t<div class=\"elementor-element elementor-element-b6cc782 e-con-full e-flex wpr-particle-no wpr-jarallax-no wpr-parallax-no wpr-sticky-section-no elementor-invisible e-con e-child\" data-id=\"b6cc782\" data-element_type=\"container\" data-settings=\"{&quot;background_background&quot;:&quot;classic&quot;,&quot;animation&quot;:&quot;fadeInLeft&quot;,&quot;_ha_eqh_enable&quot;:false}\">\n\t\t\t\t<div class=\"elementor-element elementor-element-fbabc4b elementor-widget elementor-widget-text-editor\" data-id=\"fbabc4b\" data-element_type=\"widget\" data-widget_type=\"text-editor.default\">\n\t\t\t\t<div class=\"elementor-widget-container\">\n\t\t\t\t\t\t\t\t\t<ul style=\"font-weight: bold; font-size: 20px; color: #2b70e5; line-height: 45px;\"><li>Edital 01\/2019 (Professores)<\/li><li>Edital 02\/2019 (Superior)<\/li><li>Edital 03\/2019 (Procuradores)<\/li><li>Edital 04\/2019 (Fundamental)<\/li><li>Edital 05\/2020 (M\u00e9d. e T\u00e9c.)<\/li><li>D\u00favidas Frequentes<\/li><\/ul>\t\t\t\t\t\t\t\t<\/div>\n\t\t\t\t<\/div>\n\t\t\t\t<\/div>\n\t\t<div class=\"elementor-element elementor-element-52a80a0 e-con-full e-flex wpr-particle-no wpr-jarallax-no wpr-parallax-no wpr-sticky-section-no elementor-invisible e-con e-child\" data-id=\"52a80a0\" data-element_type=\"container\" data-settings=\"{&quot;background_background&quot;:&quot;classic&quot;,&quot;animation&quot;:&quot;fadeInRight&quot;,&quot;_ha_eqh_enable&quot;:false}\">\n\t\t\t\t<div class=\"elementor-element elementor-element-3c2425b elementor-widget elementor-widget-text-editor\" data-id=\"3c2425b\" data-element_type=\"widget\" data-widget_type=\"text-editor.default\">\n\t\t\t\t<div class=\"elementor-widget-container\">\n\t\t\t\t\t\t\t\t\t<p>Esse espa\u00e7o foi preparado para divulgar todas as a\u00e7\u00f5es referentes ao concurso e visa atender as demandas da <strong>Prefeitura Municipal de Jo\u00e3o Neiva (PMJN), C\u00e2mara, SAAE e Instituto de Previd\u00eancia.<\/strong> <br \/>Esse \u00e9 o seu canal exclusivo e oficial para todas as etapas e publica\u00e7\u00f5es do Concurso P\u00fablico. Quaisquer publica\u00e7\u00f5es ou informa\u00e7\u00f5es em outros sites ou portais institucionais, bem como em redes sociais n\u00e3o oficiais do Concurso n\u00e3o s\u00e3o de nossa responsabilidade. <br \/>A Funda\u00e7\u00e3o S\u00e3o Jo\u00e3o Batista (FSJB) e sua equipe de profissionais est\u00e1 preparada para lhe ajudar em todas as etapas do Concurso P\u00fablico. Conte com a gente sempre que precisar. <br \/><br \/>Em caso de d\u00favidas envie um e-mail para: concursojn@fsjb.edu.br <br \/><strong>Expediente:<\/strong> Ligue: (27) 3302-8057 das 9h \u00e0s 12h e das 13h \u00e0s 18h, sempre em dias \u00fateis.<\/p>\t\t\t\t\t\t\t\t<\/div>\n\t\t\t\t<\/div>\n\t\t\t\t<\/div>\n\t\t\t\t<\/div>\n\t\t\t\t<\/div>\n\t\t\t\t\t<\/div>\n\t\t\t\t<\/div>\n\t\t\t\t<\/div>\n\t\t","protected":false},"excerpt":{"rendered":"<p>Concurso da Prefeitura Municipal de Jo\u00e3o Neiva Ol\u00e1! Seja bem-vindo. Edital 01\/2019 (Professores) Edital 02\/2019 (Superior) Edital 03\/2019 (Procuradores) Edital 04\/2019 (Fundamental) Edital 05\/2020 (M\u00e9d. e T\u00e9c.) D\u00favidas Frequentes Esse espa\u00e7o foi preparado para divulgar todas as a\u00e7\u00f5es referentes ao concurso e visa atender as demandas da Prefeitura Municipal de Jo\u00e3o Neiva (PMJN), C\u00e2mara, SAAE e Instituto de Previd\u00eancia. Esse \u00e9 o seu canal exclusivo e oficial para todas as etapas e publica\u00e7\u00f5es do Concurso P\u00fablico. Quaisquer publica\u00e7\u00f5es ou informa\u00e7\u00f5es em outros sites ou portais institucionais, bem como em redes sociais n\u00e3o oficiais do Concurso n\u00e3o s\u00e3o de nossa responsabilidade. A Funda\u00e7\u00e3o S\u00e3o Jo\u00e3o Batista (FSJB) e sua equipe de profissionais est\u00e1 preparada para lhe ajudar em todas as etapas do Concurso P\u00fablico. Conte com a gente sempre que precisar. Em caso de d\u00favidas envie um e-mail para: concursojn@fsjb.edu.br Expediente: Ligue: (27) 3302-8057 das 9h \u00e0s 12h e das 13h \u00e0s 18h, sempre em dias \u00fateis.<\/p>\n","protected":false},"author":1,"featured_media":0,"parent":0,"menu_order":0,"comment_status":"closed","ping_status":"closed","template":"elementor_header_footer","meta":{"_exactmetrics_skip_tracking":false,"_exactmetrics_sitenote_active":false,"_exactmetrics_sitenote_note":"","_exactmetrics_sitenote_category":0,"footnotes":""},"class_list":["post-79","page","type-page","status-publish","hentry"],"_links":{"self":[{"href":"https:\/\/fsjb.edu.br\/portal\/wp-json\/wp\/v2\/pages\/79","targetHints":{"allow":["GET"]}}],"collection":[{"href":"https:\/\/fsjb.edu.br\/portal\/wp-json\/wp\/v2\/pages"}],"about":[{"href":"https:\/\/fsjb.edu.br\/portal\/wp-json\/wp\/v2\/types\/page"}],"author":[{"embeddable":true,"href":"https:\/\/fsjb.edu.br\/portal\/wp-json\/wp\/v2\/users\/1"}],"replies":[{"embeddable":true,"href":"https:\/\/fsjb.edu.br\/portal\/wp-json\/wp\/v2\/comments?post=79"}],"version-history":[{"count":13,"href":"https:\/\/fsjb.edu.br\/portal\/wp-json\/wp\/v2\/pages\/79\/revisions"}],"predecessor-version":[{"id":3149,"href":"https:\/\/fsjb.edu.br\/portal\/wp-json\/wp\/v2\/pages\/79\/revisions\/3149"}],"wp:attachment":[{"href":"https:\/\/fsjb.edu.br\/portal\/wp-json\/wp\/v2\/media?parent=79"}],"curies":[{"name":"wp","href":"https:\/\/api.w.org\/{rel}","templated":true}]}}