{"id":27,"date":"2025-05-08T20:59:36","date_gmt":"2025-05-08T20:59:36","guid":{"rendered":"https:\/\/fsjb.edu.br\/?page_id=27"},"modified":"2025-05-19T20:46:02","modified_gmt":"2025-05-19T20:46:02","slug":"cea","status":"publish","type":"page","link":"https:\/\/fsjb.edu.br\/portal\/cea\/","title":{"rendered":"CEA"},"content":{"rendered":"\t\t<div data-elementor-type=\"wp-page\" data-elementor-id=\"27\" class=\"elementor elementor-27\" data-elementor-settings=\"{&quot;ha_cmc_init_switcher&quot;:&quot;no&quot;}\" data-elementor-post-type=\"page\">\n\t\t\t\t<div class=\"elementor-element elementor-element-212cb98 animated-slow e-flex e-con-boxed wpr-particle-no wpr-jarallax-no wpr-parallax-no wpr-sticky-section-no elementor-invisible e-con e-parent\" data-id=\"212cb98\" data-element_type=\"container\" data-settings=\"{&quot;background_background&quot;:&quot;classic&quot;,&quot;animation&quot;:&quot;fadeInDown&quot;,&quot;_ha_eqh_enable&quot;:false}\">\n\t\t\t\t\t<div class=\"e-con-inner\">\n\t\t<div class=\"elementor-element elementor-element-db3731e e-con-full e-flex wpr-particle-no wpr-jarallax-no wpr-parallax-no wpr-sticky-section-no e-con e-child\" data-id=\"db3731e\" data-element_type=\"container\" data-settings=\"{&quot;_ha_eqh_enable&quot;:false}\">\n\t\t\t\t<div class=\"elementor-element elementor-element-0041335 elementor-widget elementor-widget-image\" data-id=\"0041335\" data-element_type=\"widget\" data-widget_type=\"image.default\">\n\t\t\t\t<div class=\"elementor-widget-container\">\n\t\t\t\t\t\t\t\t\t\t\t\t\t\t\t<img fetchpriority=\"high\" decoding=\"async\" width=\"372\" height=\"195\" src=\"https:\/\/fsjb.edu.br\/portal\/wp-content\/uploads\/2025\/05\/Group-731.png\" class=\"attachment-large size-large wp-image-31\" alt=\"\" srcset=\"https:\/\/fsjb.edu.br\/portal\/wp-content\/uploads\/2025\/05\/Group-731.png 372w, https:\/\/fsjb.edu.br\/portal\/wp-content\/uploads\/2025\/05\/Group-731-300x157.png 300w\" sizes=\"(max-width: 372px) 100vw, 372px\" data-mwl-img-id=\"31\" \/>\t\t\t\t\t\t\t\t\t\t\t\t\t\t\t<\/div>\n\t\t\t\t<\/div>\n\t\t\t\t<\/div>\n\t\t\t\t\t<\/div>\n\t\t\t\t<\/div>\n\t\t<div class=\"elementor-element elementor-element-4880618 e-flex e-con-boxed wpr-particle-no wpr-jarallax-no wpr-parallax-no wpr-sticky-section-no e-con e-parent\" data-id=\"4880618\" data-element_type=\"container\" data-settings=\"{&quot;_ha_eqh_enable&quot;:false}\">\n\t\t\t\t\t<div class=\"e-con-inner\">\n\t\t<div class=\"elementor-element elementor-element-2d86f5c e-con-full e-flex wpr-particle-no wpr-jarallax-no wpr-parallax-no wpr-sticky-section-no e-con e-child\" data-id=\"2d86f5c\" data-element_type=\"container\" data-settings=\"{&quot;_ha_eqh_enable&quot;:false}\">\n\t\t\t\t<div class=\"elementor-element elementor-element-cd9ee80 elementor-invisible elementor-widget elementor-widget-image\" data-id=\"cd9ee80\" data-element_type=\"widget\" data-settings=\"{&quot;_animation&quot;:&quot;fadeInLeft&quot;}\" data-widget_type=\"image.default\">\n\t\t\t\t<div class=\"elementor-widget-container\">\n\t\t\t\t\t\t\t\t\t\t\t\t\t\t\t<img decoding=\"async\" width=\"223\" height=\"117\" src=\"https:\/\/fsjb.edu.br\/portal\/wp-content\/uploads\/2025\/05\/Group-730.png\" class=\"attachment-large size-large wp-image-32\" alt=\"\" data-mwl-img-id=\"32\" \/>\t\t\t\t\t\t\t\t\t\t\t\t\t\t\t<\/div>\n\t\t\t\t<\/div>\n\t\t\t\t<\/div>\n\t\t<div class=\"elementor-element elementor-element-47d3ffd e-con-full e-flex wpr-particle-no wpr-jarallax-no wpr-parallax-no wpr-sticky-section-no elementor-invisible e-con e-child\" data-id=\"47d3ffd\" data-element_type=\"container\" data-settings=\"{&quot;animation&quot;:&quot;fadeInRight&quot;,&quot;_ha_eqh_enable&quot;:false}\">\n\t\t\t\t<div class=\"elementor-element elementor-element-11d5f30 elementor-widget elementor-widget-heading\" data-id=\"11d5f30\" data-element_type=\"widget\" data-widget_type=\"heading.default\">\n\t\t\t\t<div class=\"elementor-widget-container\">\n\t\t\t\t\t<h2 class=\"elementor-heading-title elementor-size-default\">Centro Educacional de Aracruz<\/h2>\t\t\t\t<\/div>\n\t\t\t\t<\/div>\n\t\t\t\t<div class=\"elementor-element elementor-element-94cc06e elementor-widget elementor-widget-heading\" data-id=\"94cc06e\" data-element_type=\"widget\" data-widget_type=\"heading.default\">\n\t\t\t\t<div class=\"elementor-widget-container\">\n\t\t\t\t\t<h2 class=\"elementor-heading-title elementor-size-default\">Ensino Fundamental, Ensino M\u00e9dio e Ensino Profissionalizante<\/h2>\t\t\t\t<\/div>\n\t\t\t\t<\/div>\n\t\t\t\t<\/div>\n\t\t<div class=\"elementor-element elementor-element-4d15d42 e-con-full animated-slow e-flex wpr-particle-no wpr-jarallax-no wpr-parallax-no wpr-sticky-section-no elementor-invisible e-con e-child\" data-id=\"4d15d42\" data-element_type=\"container\" data-settings=\"{&quot;animation&quot;:&quot;zoomIn&quot;,&quot;_ha_eqh_enable&quot;:false}\">\n\t\t\t\t<div class=\"elementor-element elementor-element-e64cb47 elementor-widget elementor-widget-image\" data-id=\"e64cb47\" data-element_type=\"widget\" data-widget_type=\"image.default\">\n\t\t\t\t<div class=\"elementor-widget-container\">\n\t\t\t\t\t\t\t\t\t\t\t\t\t\t\t<img decoding=\"async\" width=\"800\" height=\"375\" src=\"https:\/\/fsjb.edu.br\/portal\/wp-content\/uploads\/2025\/05\/topo_paginas_fsjb_cea_v3-1-1-1024x480.png\" class=\"attachment-large size-large wp-image-33\" alt=\"\" srcset=\"https:\/\/fsjb.edu.br\/portal\/wp-content\/uploads\/2025\/05\/topo_paginas_fsjb_cea_v3-1-1-1024x480.png 1024w, https:\/\/fsjb.edu.br\/portal\/wp-content\/uploads\/2025\/05\/topo_paginas_fsjb_cea_v3-1-1-300x141.png 300w, https:\/\/fsjb.edu.br\/portal\/wp-content\/uploads\/2025\/05\/topo_paginas_fsjb_cea_v3-1-1-768x360.png 768w, https:\/\/fsjb.edu.br\/portal\/wp-content\/uploads\/2025\/05\/topo_paginas_fsjb_cea_v3-1-1.png 1130w\" sizes=\"(max-width: 800px) 100vw, 800px\" data-mwl-img-id=\"33\" \/>\t\t\t\t\t\t\t\t\t\t\t\t\t\t\t<\/div>\n\t\t\t\t<\/div>\n\t\t\t\t<\/div>\n\t\t<div class=\"elementor-element elementor-element-2043211 e-con-full animated-slow e-flex wpr-particle-no wpr-jarallax-no wpr-parallax-no wpr-sticky-section-no elementor-invisible e-con e-child\" data-id=\"2043211\" data-element_type=\"container\" data-settings=\"{&quot;background_background&quot;:&quot;classic&quot;,&quot;animation&quot;:&quot;fadeInUp&quot;,&quot;_ha_eqh_enable&quot;:false}\">\n\t\t\t\t<div class=\"elementor-element elementor-element-d831bd8 elementor-widget elementor-widget-heading\" data-id=\"d831bd8\" data-element_type=\"widget\" data-widget_type=\"heading.default\">\n\t\t\t\t<div class=\"elementor-widget-container\">\n\t\t\t\t\t<h2 class=\"elementor-heading-title elementor-size-default\">O CEA \u00e9 uma institui\u00e7\u00e3o de Ensino Fundamental e M\u00e9dio e foi criado em 07 de fevereiro de 1994. Em 2014, fez 20 anos de exist\u00eancia mostrando seu compromisso com uma educa\u00e7\u00e3o s\u00e9ria. O CEA durante a sua trajet\u00f3ria educacional preparou profissionais da \u00e1rea t\u00e9cnica para o mercado de trabalho em Celulose e Papel, Mec\u00e2nica e Seguran\u00e7a do Trabalho, Qu\u00edmica, Enfermagem, Inform\u00e1tica, Turismo e Biblioteconomia.<\/h2>\t\t\t\t<\/div>\n\t\t\t\t<\/div>\n\t\t\t\t<\/div>\n\t\t<div class=\"elementor-element elementor-element-029795b e-con-full animated-slow e-flex wpr-particle-no wpr-jarallax-no wpr-parallax-no wpr-sticky-section-no elementor-invisible e-con e-child\" data-id=\"029795b\" data-element_type=\"container\" data-settings=\"{&quot;animation&quot;:&quot;fadeInUp&quot;,&quot;_ha_eqh_enable&quot;:false}\">\n\t\t\t\t<div class=\"elementor-element elementor-element-6392a37 elementor-widget elementor-widget-heading\" data-id=\"6392a37\" data-element_type=\"widget\" data-widget_type=\"heading.default\">\n\t\t\t\t<div class=\"elementor-widget-container\">\n\t\t\t\t\t<h2 class=\"elementor-heading-title elementor-size-default\">Quer saber mais sobre o universo escolar do Centro Educacional de Aracruz?<\/h2>\t\t\t\t<\/div>\n\t\t\t\t<\/div>\n\t\t\t\t<div class=\"elementor-element elementor-element-4a8b7c5 elementor-widget elementor-widget-text-editor\" data-id=\"4a8b7c5\" data-element_type=\"widget\" data-widget_type=\"text-editor.default\">\n\t\t\t\t<div class=\"elementor-widget-container\">\n\t\t\t\t\t\t\t\t\t<strong>Acesse o nosso\u00a0<u style=\"color: #2b70e5;\"><a href=\"https:\/\/cearacruz.com.br\/portal\/\">Portal Institucional.<\/a><\/u><\/strong>\t\t\t\t\t\t\t\t<\/div>\n\t\t\t\t<\/div>\n\t\t\t\t<\/div>\n\t\t\t\t\t<\/div>\n\t\t\t\t<\/div>\n\t\t\t\t<\/div>\n\t\t","protected":false},"excerpt":{"rendered":"<p>Centro Educacional de Aracruz Ensino Fundamental, Ensino M\u00e9dio e Ensino Profissionalizante O CEA \u00e9 uma institui\u00e7\u00e3o de Ensino Fundamental e M\u00e9dio e foi criado em 07 de fevereiro de 1994. Em 2014, fez 20 anos de exist\u00eancia mostrando seu compromisso com uma educa\u00e7\u00e3o s\u00e9ria. O CEA durante a sua trajet\u00f3ria educacional preparou profissionais da \u00e1rea t\u00e9cnica para o mercado de trabalho em Celulose e Papel, Mec\u00e2nica e Seguran\u00e7a do Trabalho, Qu\u00edmica, Enfermagem, Inform\u00e1tica, Turismo e Biblioteconomia. Quer saber mais sobre o universo escolar do Centro Educacional de Aracruz? Acesse o nosso\u00a0Portal Institucional.<\/p>\n","protected":false},"author":1,"featured_media":0,"parent":0,"menu_order":0,"comment_status":"closed","ping_status":"closed","template":"elementor_header_footer","meta":{"_exactmetrics_skip_tracking":false,"_exactmetrics_sitenote_active":false,"_exactmetrics_sitenote_note":"","_exactmetrics_sitenote_category":0,"footnotes":""},"class_list":["post-27","page","type-page","status-publish","hentry"],"_links":{"self":[{"href":"https:\/\/fsjb.edu.br\/portal\/wp-json\/wp\/v2\/pages\/27","targetHints":{"allow":["GET"]}}],"collection":[{"href":"https:\/\/fsjb.edu.br\/portal\/wp-json\/wp\/v2\/pages"}],"about":[{"href":"https:\/\/fsjb.edu.br\/portal\/wp-json\/wp\/v2\/types\/page"}],"author":[{"embeddable":true,"href":"https:\/\/fsjb.edu.br\/portal\/wp-json\/wp\/v2\/users\/1"}],"replies":[{"embeddable":true,"href":"https:\/\/fsjb.edu.br\/portal\/wp-json\/wp\/v2\/comments?post=27"}],"version-history":[{"count":13,"href":"https:\/\/fsjb.edu.br\/portal\/wp-json\/wp\/v2\/pages\/27\/revisions"}],"predecessor-version":[{"id":3227,"href":"https:\/\/fsjb.edu.br\/portal\/wp-json\/wp\/v2\/pages\/27\/revisions\/3227"}],"wp:attachment":[{"href":"https:\/\/fsjb.edu.br\/portal\/wp-json\/wp\/v2\/media?parent=27"}],"curies":[{"name":"wp","href":"https:\/\/api.w.org\/{rel}","templated":true}]}}